{"id":495,"date":"2022-02-02T12:50:58","date_gmt":"2022-02-02T10:50:58","guid":{"rendered":"https:\/\/ahorn-capital.com\/home\/"},"modified":"2025-02-27T12:02:12","modified_gmt":"2025-02-27T10:02:12","slug":"home","status":"publish","type":"page","link":"http:\/\/ahorn-capital.com\/de\/","title":{"rendered":"Home"},"content":{"rendered":"\n\t\t<div id=\"-off-canvas-447-15\" class=\"oxy-off-canvas \" ><div class=\"oxy-offcanvas_backdrop\"><\/div><div id=\"-off-canvas-447-15-inner\" class=\"offcanvas-inner oxy-inner-content\" role=\"dialog\" aria-label=\"offcanvas content\" tabindex=\"0\" data-start=\"false\" data-click-outside=\"true\" data-trigger-selector=\".oxy-burger-trigger\" data-esc=\"true\" data-focus-selector=\".offcanvas-inner\" data-reset=\"400\" data-hashclose=\"true\" data-burger-sync=\"false\" data-overflow=\"true\" data-auto-aria=\"true\" data-focus-trap=\"true\" data-stagger=\"50\" data-first-delay=\"200\" data-stagger-menu=\"false\" ><nav id=\"_nav_menu-448-15\" class=\"oxy-nav-menu oxy-nav-menu-dropdowns oxy-nav-menu-dropdown-arrow oxy-nav-menu-responsive-dropdowns oxy-nav-menu-vertical\" ><div class='oxy-menu-toggle'><div class='oxy-nav-menu-hamburger-wrap'><div class='oxy-nav-menu-hamburger'><div class='oxy-nav-menu-hamburger-line'><\/div><div class='oxy-nav-menu-hamburger-line'><\/div><div class='oxy-nav-menu-hamburger-line'><\/div><\/div><\/div><\/div><div class=\"menu-top-navigation-container\"><ul id=\"menu-top-navigation\" class=\"oxy-nav-menu-list\"><li id=\"menu-item-173\" class=\"rgfullpage-anchor menu-item menu-item-type-custom menu-item-object-custom menu-item-173\"><a href=\"\/#about\">About<\/a><\/li>\n<li id=\"menu-item-302\" class=\"rgfullpage-anchor menu-item menu-item-type-custom menu-item-object-custom menu-item-302\"><a href=\"\/#approach\">Approach<\/a><\/li>\n<li id=\"menu-item-187\" class=\"rgfullpage-anchor menu-item menu-item-type-custom menu-item-object-custom menu-item-187\"><a href=\"\/#contact\">Contact<\/a><\/li>\n<li id=\"menu-item-wpml-ls-7-en\" class=\"menu-item wpml-ls-slot-7 wpml-ls-item wpml-ls-item-en wpml-ls-menu-item wpml-ls-first-item menu-item-type-wpml_ls_menu_item menu-item-object-wpml_ls_menu_item menu-item-wpml-ls-7-en\"><a href=\"http:\/\/ahorn-capital.com\/\" title=\"Wechseln zu EN\"><span class=\"wpml-ls-native\" lang=\"en\">EN<\/span><\/a><\/li>\n<li id=\"menu-item-wpml-ls-7-de\" class=\"menu-item wpml-ls-slot-7 wpml-ls-item wpml-ls-item-de wpml-ls-current-language wpml-ls-menu-item wpml-ls-last-item menu-item-type-wpml_ls_menu_item menu-item-object-wpml_ls_menu_item menu-item-wpml-ls-7-de\"><a href=\"http:\/\/ahorn-capital.com\/de\/\" title=\"Wechseln zu DE\"><span class=\"wpml-ls-native\" lang=\"de\">DE<\/span><\/a><\/li>\n<\/ul><\/div><\/nav><div id=\"code_block-449-15\" class=\"ct-code-block\" >\n<div class=\"wpml-ls-statics-shortcode_actions wpml-ls wpml-ls-legacy-list-horizontal\">\n\t<ul><li class=\"wpml-ls-slot-shortcode_actions wpml-ls-item wpml-ls-item-en wpml-ls-first-item wpml-ls-item-legacy-list-horizontal\">\n\t\t\t\t<a href=\"http:\/\/ahorn-capital.com\/\" class=\"wpml-ls-link\">\n                    <span class=\"wpml-ls-native\" lang=\"en\">EN<\/span><\/a>\n\t\t\t<\/li><li class=\"wpml-ls-slot-shortcode_actions wpml-ls-item wpml-ls-item-de wpml-ls-current-language wpml-ls-last-item wpml-ls-item-legacy-list-horizontal\">\n\t\t\t\t<a href=\"http:\/\/ahorn-capital.com\/de\/\" class=\"wpml-ls-link\">\n                    <span class=\"wpml-ls-native\">DE<\/span><\/a>\n\t\t\t<\/li><\/ul>\n<\/div>\n<\/div><\/div><\/div>\n\n\t\t<header id=\"_header-436-15\" class=\"oxy-header-wrapper  oxy-header header header--fixed headroom\" ><div id=\"_header_row-437-15\" class=\"oxy-header-row\" ><div class=\"oxy-header-container\"><div id=\"_header_left-438-15\" class=\"oxy-header-left\" ><a id=\"link-439-15\" class=\"ct-link\" href=\"\/de\/\"   ><img decoding=\"async\"  id=\"image-440-15\" alt=\"\" src=\"https:\/\/ahorn-capital.com\/wp-content\/uploads\/2022\/05\/ahorn-logo-white-icon-on-top.svg\" class=\"ct-image\"\/><\/a><a id=\"link-441-15\" class=\"ct-link\" href=\"\/de\/\"   ><img decoding=\"async\"  id=\"image-442-15\" alt=\"\" src=\"https:\/\/ahorn-capital.com\/wp-content\/uploads\/2022\/03\/ahorn-small-mob-svg.svg\" class=\"ct-image\"\/><\/a><\/div><div id=\"_header_center-443-15\" class=\"oxy-header-center\" ><\/div><div id=\"_header_right-444-15\" class=\"oxy-header-right\" ><nav id=\"_nav_menu-445-15\" class=\"oxy-nav-menu oxy-nav-menu-dropdowns oxy-nav-menu-dropdown-arrow\" ><div class='oxy-menu-toggle'><div class='oxy-nav-menu-hamburger-wrap'><div class='oxy-nav-menu-hamburger'><div class='oxy-nav-menu-hamburger-line'><\/div><div class='oxy-nav-menu-hamburger-line'><\/div><div class='oxy-nav-menu-hamburger-line'><\/div><\/div><\/div><\/div><div class=\"menu-top-navigation-container\"><ul id=\"menu-top-navigation-1\" class=\"oxy-nav-menu-list\"><li class=\"rgfullpage-anchor menu-item menu-item-type-custom menu-item-object-custom menu-item-173\"><a href=\"\/#about\">About<\/a><\/li>\n<li class=\"rgfullpage-anchor menu-item menu-item-type-custom menu-item-object-custom menu-item-302\"><a href=\"\/#approach\">Approach<\/a><\/li>\n<li class=\"rgfullpage-anchor menu-item menu-item-type-custom menu-item-object-custom menu-item-187\"><a href=\"\/#contact\">Contact<\/a><\/li>\n<li class=\"menu-item wpml-ls-slot-7 wpml-ls-item wpml-ls-item-en wpml-ls-menu-item wpml-ls-first-item menu-item-type-wpml_ls_menu_item menu-item-object-wpml_ls_menu_item menu-item-wpml-ls-7-en\"><a href=\"http:\/\/ahorn-capital.com\/\" title=\"Wechseln zu EN\"><span class=\"wpml-ls-native\" lang=\"en\">EN<\/span><\/a><\/li>\n<li class=\"menu-item wpml-ls-slot-7 wpml-ls-item wpml-ls-item-de wpml-ls-current-language wpml-ls-menu-item wpml-ls-last-item menu-item-type-wpml_ls_menu_item menu-item-object-wpml_ls_menu_item menu-item-wpml-ls-7-de\"><a href=\"http:\/\/ahorn-capital.com\/de\/\" title=\"Wechseln zu DE\"><span class=\"wpml-ls-native\" lang=\"de\">DE<\/span><\/a><\/li>\n<\/ul><\/div><\/nav>\n\t\t<div id=\"-burger-trigger-446-15\" class=\"oxy-burger-trigger \" ><button aria-label=\"Open menu\" data-touch=\"click\"  class=\"hamburger hamburger--slider \" type=\"button\"><span class=\"hamburger-box\"><span class=\"hamburger-inner\"><\/span><\/span><\/button><\/div>\n\n\t\t<\/div><\/div><\/div><\/header>\n\t\t<div id=\"fullpage\" class=\"ct-div-block\" ><section id=\"_hero\" class=\"oxy-video-background ct-section section\" ><div class='oxy-video-container'><video autoplay loop playsinline muted><source src='https:\/\/ahorn-capital.com\/wp-content\/uploads\/2022\/03\/ahorn-hero-video.mp4'><\/video><div class='oxy-video-overlay'><\/div><\/div><div class=\"ct-section-inner-wrap\"><div id=\"div_block-362-15\" class=\"ct-div-block\" ><div id=\"div_block-367-15\" class=\"ct-div-block\" ><img decoding=\"async\"  id=\"image-363-15\" alt=\"ahorn capital\" src=\"https:\/\/ahorn-capital.com\/wp-content\/uploads\/2022\/05\/ahorn-hero-heading-svg.svg\" class=\"ct-image\"\/><div id=\"text_block-365-15\" class=\"ct-text-block\" >Ahorn ist eine Private Equity Boutique f\u00fcr professionelle Investoren.<\/div><\/div><\/div><\/div><\/section><section id=\"_about\" class=\" ct-section section\" style=\"background-image:url(https:\/\/ahorn-capital.com\/wp-content\/uploads\/2024\/04\/ahorn-about-2.jpg);background-size: cover;\" ><div class=\"ct-section-inner-wrap\"><div id=\"div_block-371-15\" class=\"ct-div-block\" ><div id=\"div_block-372-15\" class=\"ct-div-block\"  data-aos=\"fade-up\" data-aos-duration=\"1000\" data-aos-once=\"true\"><h2 id=\"headline-285-15\" class=\"ct-headline ahorn-section-title\">\u00fcber uns<\/h2><div id=\"text_block-378-15\" class=\"ct-text-block\" >Ahorn Capital identifiziert und strukturiert Direktinvestitionen f\u00fcr professionelle Investoren.<br><br>Wir sind der \u00dcberzeugung, dass eine agile Boutique das beste Setup bietet, um Investmentchancen optimal zu nutzen. Unser unternehmerischer Rahmen und tiefgehendes Netzwerk sind entscheidend f\u00fcr eine erfolgreiche Origination, Strukturierung und Wertsch\u00f6pfung.<br><\/div><\/div><\/div><\/div><\/section><section id=\"_approach\" class=\" ct-section section\" style=\"background-image:url(https:\/\/ahorn-capital.com\/wp-content\/uploads\/2022\/05\/road-in-forest.jpg);background-size: cover;\" ><div class=\"ct-section-inner-wrap\"><div id=\"div_block-386-15\" class=\"ct-div-block\" ><div id=\"div_block-387-15\" class=\"ct-div-block\"  data-aos=\"fade-up\" data-aos-duration=\"1000\" data-aos-once=\"true\"><h2 id=\"headline-388-15\" class=\"ct-headline ahorn-section-title\">ansatz<\/h2><div id=\"text_block-389-15\" class=\"ct-text-block\" >Alle Investitionen unterliegen einem soliden Due-Diligence-Prozess. Wir f\u00fchren Machbarkeitsstudien, Marktanalysen und Partner-Due-Diligence durch, um angemessene Anreize und solide Gesch\u00e4ftspl\u00e4ne zu gew\u00e4hrleisten. Gr\u00fcndliche Modellierung, Stresstests und Szenarioanalysen st\u00e4rken unsere Entscheidungsfindung.<div><br><\/div><div>Alle Projekte werden transparent strukturiert. Die Investitionsstrukturen werden in Luxemburg eingerichtet, einem etablierten und investorenfreundlichen Rechtssystem, und stehen ausschlie\u00dflich professionellen Investoren \u00fcber Privatplatzierungen offen.<br><\/div><\/div><\/div><\/div><\/div><\/section><section id=\"_contact\" class=\"oxy-video-background ct-section section\" ><div class='oxy-video-container'><video autoplay loop playsinline muted><source src='https:\/\/ahorn-capital.com\/wp-content\/uploads\/2022\/05\/day-to-night-sunset-from-hamburg-edited.mp4'><\/video><div class='oxy-video-overlay'><\/div><\/div><div class=\"ct-section-inner-wrap\"><div id=\"div_block-392-15\" class=\"ct-div-block\"  data-aos=\"fade-up\" data-aos-duration=\"1000\" data-aos-once=\"true\"><div id=\"new_columns-410-15\" class=\"ct-new-columns\" ><div id=\"div_block-411-15\" class=\"ct-div-block\" ><h2 id=\"headline-394-15\" class=\"ct-headline ahorn-section-title\">kontakt<\/h2><a id=\"link_text-403-15\" class=\"ct-link-text\" href=\"https:\/\/goo.gl\/maps\/h6yPSMroCm9a7qe59\" target=\"_blank\"  >Ahorn Capital GmbH<br>Gro\u00dfe Elbstra\u00dfe 275<br>22767 Hamburg<\/a><a id=\"link_text-404-15\" class=\"ct-link-text\" href=\"tel:+49403613040\" target=\"_self\"  >Phone: +49 40 36 13 04 0<\/a><a id=\"link_text-406-15\" class=\"ct-link-text\" href=\"mailto:info@ahorn-capital.com\" target=\"_self\"  >Email: info@ahorn-capital.com<\/a><a id=\"link-469-15\" class=\"ct-link\" href=\"https:\/\/columbiagroup.org\/\" target=\"_blank\"  ><img decoding=\"async\"  id=\"image-468-15\" alt=\"Member of Columbia Group\" src=\"http:\/\/ahorn-capital.com\/wp-content\/uploads\/2024\/04\/member-of-columbia-group.png\" class=\"ct-image\" srcset-disabled=\"\" sizes=\"(max-width: 237px) 100vw, 237px\" \/><\/a><div id=\"div_block-467-15\" class=\"ct-div-block\" ><a id=\"link_text-464-15\" class=\"ct-link-text\" href=\"https:\/\/ahorn-capital.com\/de\/imprint\/\"   >Imprint<\/a>\n\t\t<span id=\"-copyright-year-429-15\" class=\"oxy-copyright-year \" > \u00a9 2026 Ahorn Capital. All Rights Reserved.<\/span>\n\n\t\t<\/div><\/div><div id=\"div_block-412-15\" class=\"ct-div-block\" ><div id=\"code_block-463-15\" class=\"ct-code-block\" ><iframe loading=\"lazy\" src=\"https:\/\/snazzymaps.com\/embed\/395339\" width=\"100%\" height=\"330px\" style=\"border:none;\"><\/iframe><\/div><\/div><\/div><\/div><footer id=\"div_block-454-15\" class=\"ct-div-block \" ><div id=\"new_columns-427-15\" class=\"ct-new-columns\" ><div id=\"div_block-428-15\" class=\"ct-div-block\" >\n\t\t<span id=\"-copyright-year-465-15\" class=\"oxy-copyright-year \" > \u00a9 2026 Ahorn Capital. Alle Rechte vorbehalten.<\/span>\n\n\t\t<\/div><div id=\"div_block-430-15\" class=\"ct-div-block\" ><a id=\"link_text-431-15\" class=\"ct-link-text\" href=\"https:\/\/ahorn-capital.com\/de\/imprint\/\"   >Impressum<\/a><\/div><div id=\"div_block-434-15\" class=\"ct-div-block\" ><a id=\"link_text-435-15\" class=\"ct-link-text\" href=\"https:\/\/RebellionGeeks.com\" target=\"_blank\"  >Website Design &amp; Development by Rebellion Geeks<\/a><\/div><\/div><\/footer><\/div><\/section><\/div><div id=\"div_block-456-15\" class=\"ct-div-block\" ><a id=\"link-458-15\" class=\"ct-link fullpage-anchor dotnav\" href=\"#hero\" target=\"_self\"  ><\/a><a id=\"link-459-15\" class=\"ct-link fullpage-anchor dotnav\" href=\"#about\" target=\"_self\"  ><\/a><a id=\"link-461-15\" class=\"ct-link fullpage-anchor dotnav\" href=\"#approach\" target=\"_self\"  ><\/a><a id=\"link-462-15\" class=\"ct-link fullpage-anchor dotnav\" href=\"#contact\" target=\"_self\"  ><\/a><\/div>            <div tabindex=\"-1\" class=\"oxy-modal-backdrop  oxy-not-closable\"\n                style=\"background-color: rgba(0,0,0,0.7);\"\n                data-trigger=\"after_specified_time\"                data-trigger-selector=\"\"                data-trigger-time=\"0\"                data-trigger-time-unit=\"seconds\"                data-close-automatically=\"no\"                data-close-after-time=\"10\"                data-close-after-time-unit=\"seconds\"                data-trigger_scroll_amount=\"50\"                data-trigger_scroll_direction=\"down\"\t            data-scroll_to_selector=\"\"\t            data-time_inactive=\"60\"\t            data-time-inactive-unit=\"seconds\"\t            data-number_of_clicks=\"3\"\t            data-close_on_esc=\"off\"\t            data-number_of_page_views=\"3\"                data-close-after-form-submit=\"no\"                data-open-again=\"show_again_after\"                data-open-again-after-days=\"1\"            >\n\n                <div id=\"modal-450-15\" class=\"ct-modal\" ><h4 id=\"headline-451-15\" class=\"ct-headline\">HAFTUNGSHINWEIS<\/h4><div id=\"text_block-452-15\" class=\"ct-text-block\" >Die Ahorn Capital GmbH betreibt als gebundener Vermittler nach \u00a7 3 Abs. 2 WpIG die Anlagevermittlung und Anlageberatung (\u00a7 2 Abs. 2 Nrn. 3 und 4 WpIG) von Finanzinstrumenten im Sinne des \u00a7 2 Abs. 5 WpIG ausschlie\u00dflich f\u00fcr Rechnung und unter Haftung der HPM Hanseatische Portfoliomanagement GmbH, F\u00e4hrhausstra\u00dfe 8, 22085 Hamburg (HPM).<\/div><a id=\"link_button-453-15\" class=\"ct-link-button oxy-close-modal\" href=\"http:\/\/\" target=\"_self\"  >Akzeptieren<\/a><\/div>\n            <\/div>\n        ","protected":false},"excerpt":{"rendered":"","protected":false},"author":2,"featured_media":0,"parent":0,"menu_order":0,"comment_status":"closed","ping_status":"closed","template":"","meta":{"inline_featured_image":false,"footnotes":""},"class_list":["post-495","page","type-page","status-publish","hentry"],"yoast_head":"<!-- This site is optimized with the Yoast SEO plugin v27.4 - https:\/\/yoast.com\/product\/yoast-seo-wordpress\/ -->\n<title>Ahorn Capital - An investment platform for professional investors operating out of Hamburg, Germany.<\/title>\n<meta name=\"description\" content=\"Ahorn Capital is an investment platform for professional investors operating out of Hamburg, Germany.\" \/>\n<meta name=\"robots\" content=\"index, follow, max-snippet:-1, max-image-preview:large, max-video-preview:-1\" \/>\n<link rel=\"canonical\" href=\"http:\/\/ahorn-capital.com\/de\/\" \/>\n<meta property=\"og:locale\" content=\"de_DE\" \/>\n<meta property=\"og:type\" content=\"article\" \/>\n<meta property=\"og:title\" content=\"Ahorn Capital - An investment platform for professional investors operating out of Hamburg, Germany.\" \/>\n<meta property=\"og:description\" content=\"Ahorn Capital is an investment platform for professional investors operating out of Hamburg, Germany.\" \/>\n<meta property=\"og:url\" content=\"http:\/\/ahorn-capital.com\/de\/\" \/>\n<meta property=\"og:site_name\" content=\"Ahorn Capital\" \/>\n<meta property=\"article:modified_time\" content=\"2025-02-27T10:02:12+00:00\" \/>\n<meta name=\"twitter:card\" content=\"summary_large_image\" \/>\n<meta name=\"twitter:label1\" content=\"Gesch\u00e4tzte Lesezeit\" \/>\n\t<meta name=\"twitter:data1\" content=\"2\u00a0Minuten\" \/>\n<script type=\"application\/ld+json\" class=\"yoast-schema-graph\">{\"@context\":\"https:\\\/\\\/schema.org\",\"@graph\":[{\"@type\":\"WebPage\",\"@id\":\"http:\\\/\\\/ahorn-capital.com\\\/de\\\/\",\"url\":\"http:\\\/\\\/ahorn-capital.com\\\/de\\\/\",\"name\":\"Ahorn Capital - An investment platform for professional investors operating out of Hamburg, Germany.\",\"isPartOf\":{\"@id\":\"https:\\\/\\\/ahorn-capital.com\\\/de\\\/#website\"},\"datePublished\":\"2022-02-02T10:50:58+00:00\",\"dateModified\":\"2025-02-27T10:02:12+00:00\",\"description\":\"Ahorn Capital is an investment platform for professional investors operating out of Hamburg, Germany.\",\"breadcrumb\":{\"@id\":\"http:\\\/\\\/ahorn-capital.com\\\/de\\\/#breadcrumb\"},\"inLanguage\":\"de\",\"potentialAction\":[{\"@type\":\"ReadAction\",\"target\":[\"http:\\\/\\\/ahorn-capital.com\\\/de\\\/\"]}]},{\"@type\":\"BreadcrumbList\",\"@id\":\"http:\\\/\\\/ahorn-capital.com\\\/de\\\/#breadcrumb\",\"itemListElement\":[{\"@type\":\"ListItem\",\"position\":1,\"name\":\"Home\",\"item\":\"https:\\\/\\\/ahorn-capital.com\\\/de\\\/\"},{\"@type\":\"ListItem\",\"position\":2,\"name\":\"Home\"}]},{\"@type\":\"WebSite\",\"@id\":\"https:\\\/\\\/ahorn-capital.com\\\/de\\\/#website\",\"url\":\"https:\\\/\\\/ahorn-capital.com\\\/de\\\/\",\"name\":\"Ahorn Capital\",\"description\":\"Ahorn Capital is an investment platform for professional investors operating out of Hamburg, Germany.\",\"publisher\":{\"@id\":\"https:\\\/\\\/ahorn-capital.com\\\/de\\\/#organization\"},\"potentialAction\":[{\"@type\":\"SearchAction\",\"target\":{\"@type\":\"EntryPoint\",\"urlTemplate\":\"https:\\\/\\\/ahorn-capital.com\\\/de\\\/?s={search_term_string}\"},\"query-input\":{\"@type\":\"PropertyValueSpecification\",\"valueRequired\":true,\"valueName\":\"search_term_string\"}}],\"inLanguage\":\"de\"},{\"@type\":\"Organization\",\"@id\":\"https:\\\/\\\/ahorn-capital.com\\\/de\\\/#organization\",\"name\":\"ahorn capital\",\"url\":\"https:\\\/\\\/ahorn-capital.com\\\/de\\\/\",\"logo\":{\"@type\":\"ImageObject\",\"inLanguage\":\"de\",\"@id\":\"https:\\\/\\\/ahorn-capital.com\\\/de\\\/#\\\/schema\\\/logo\\\/image\\\/\",\"url\":\"https:\\\/\\\/ahorn-capital.com\\\/wp-content\\\/uploads\\\/2022\\\/05\\\/ac-12.png\",\"contentUrl\":\"https:\\\/\\\/ahorn-capital.com\\\/wp-content\\\/uploads\\\/2022\\\/05\\\/ac-12.png\",\"width\":2000,\"height\":2000,\"caption\":\"ahorn capital\"},\"image\":{\"@id\":\"https:\\\/\\\/ahorn-capital.com\\\/de\\\/#\\\/schema\\\/logo\\\/image\\\/\"}}]}<\/script>\n<!-- \/ Yoast SEO plugin. -->","yoast_head_json":{"title":"Ahorn Capital - An investment platform for professional investors operating out of Hamburg, Germany.","description":"Ahorn Capital is an investment platform for professional investors operating out of Hamburg, Germany.","robots":{"index":"index","follow":"follow","max-snippet":"max-snippet:-1","max-image-preview":"max-image-preview:large","max-video-preview":"max-video-preview:-1"},"canonical":"http:\/\/ahorn-capital.com\/de\/","og_locale":"de_DE","og_type":"article","og_title":"Ahorn Capital - An investment platform for professional investors operating out of Hamburg, Germany.","og_description":"Ahorn Capital is an investment platform for professional investors operating out of Hamburg, Germany.","og_url":"http:\/\/ahorn-capital.com\/de\/","og_site_name":"Ahorn Capital","article_modified_time":"2025-02-27T10:02:12+00:00","twitter_card":"summary_large_image","twitter_misc":{"Gesch\u00e4tzte Lesezeit":"2\u00a0Minuten"},"schema":{"@context":"https:\/\/schema.org","@graph":[{"@type":"WebPage","@id":"http:\/\/ahorn-capital.com\/de\/","url":"http:\/\/ahorn-capital.com\/de\/","name":"Ahorn Capital - An investment platform for professional investors operating out of Hamburg, Germany.","isPartOf":{"@id":"https:\/\/ahorn-capital.com\/de\/#website"},"datePublished":"2022-02-02T10:50:58+00:00","dateModified":"2025-02-27T10:02:12+00:00","description":"Ahorn Capital is an investment platform for professional investors operating out of Hamburg, Germany.","breadcrumb":{"@id":"http:\/\/ahorn-capital.com\/de\/#breadcrumb"},"inLanguage":"de","potentialAction":[{"@type":"ReadAction","target":["http:\/\/ahorn-capital.com\/de\/"]}]},{"@type":"BreadcrumbList","@id":"http:\/\/ahorn-capital.com\/de\/#breadcrumb","itemListElement":[{"@type":"ListItem","position":1,"name":"Home","item":"https:\/\/ahorn-capital.com\/de\/"},{"@type":"ListItem","position":2,"name":"Home"}]},{"@type":"WebSite","@id":"https:\/\/ahorn-capital.com\/de\/#website","url":"https:\/\/ahorn-capital.com\/de\/","name":"Ahorn Capital","description":"Ahorn Capital is an investment platform for professional investors operating out of Hamburg, Germany.","publisher":{"@id":"https:\/\/ahorn-capital.com\/de\/#organization"},"potentialAction":[{"@type":"SearchAction","target":{"@type":"EntryPoint","urlTemplate":"https:\/\/ahorn-capital.com\/de\/?s={search_term_string}"},"query-input":{"@type":"PropertyValueSpecification","valueRequired":true,"valueName":"search_term_string"}}],"inLanguage":"de"},{"@type":"Organization","@id":"https:\/\/ahorn-capital.com\/de\/#organization","name":"ahorn capital","url":"https:\/\/ahorn-capital.com\/de\/","logo":{"@type":"ImageObject","inLanguage":"de","@id":"https:\/\/ahorn-capital.com\/de\/#\/schema\/logo\/image\/","url":"https:\/\/ahorn-capital.com\/wp-content\/uploads\/2022\/05\/ac-12.png","contentUrl":"https:\/\/ahorn-capital.com\/wp-content\/uploads\/2022\/05\/ac-12.png","width":2000,"height":2000,"caption":"ahorn capital"},"image":{"@id":"https:\/\/ahorn-capital.com\/de\/#\/schema\/logo\/image\/"}}]}},"_links":{"self":[{"href":"http:\/\/ahorn-capital.com\/de\/wp-json\/wp\/v2\/pages\/495","targetHints":{"allow":["GET"]}}],"collection":[{"href":"http:\/\/ahorn-capital.com\/de\/wp-json\/wp\/v2\/pages"}],"about":[{"href":"http:\/\/ahorn-capital.com\/de\/wp-json\/wp\/v2\/types\/page"}],"author":[{"embeddable":true,"href":"http:\/\/ahorn-capital.com\/de\/wp-json\/wp\/v2\/users\/2"}],"replies":[{"embeddable":true,"href":"http:\/\/ahorn-capital.com\/de\/wp-json\/wp\/v2\/comments?post=495"}],"version-history":[{"count":6,"href":"http:\/\/ahorn-capital.com\/de\/wp-json\/wp\/v2\/pages\/495\/revisions"}],"predecessor-version":[{"id":514,"href":"http:\/\/ahorn-capital.com\/de\/wp-json\/wp\/v2\/pages\/495\/revisions\/514"}],"wp:attachment":[{"href":"http:\/\/ahorn-capital.com\/de\/wp-json\/wp\/v2\/media?parent=495"}],"curies":[{"name":"wp","href":"https:\/\/api.w.org\/{rel}","templated":true}]}}